{"id":24,"date":"2019-09-08T10:43:14","date_gmt":"2019-09-08T10:43:14","guid":{"rendered":"https:\/\/twobagsonejourney.com\/?page_id=24"},"modified":"2023-02-05T14:18:32","modified_gmt":"2023-02-05T14:18:32","slug":"home","status":"publish","type":"page","link":"https:\/\/twobagsonejourney.com\/fr\/","title":{"rendered":"Accueil"},"content":{"rendered":"<div id=\"themify_builder_content-24\" data-postid=\"24\" class=\"themify_builder_content themify_builder_content-24 themify_builder\">\n    \t<!-- module_row -->\n\t<div   class=\"themify_builder_row module_row clearfix fullwidth module_row_0 themify_builder_24_row module_row_24-0 tb_ns3p889\">\n\t    \t    <div class=\"row_inner col_align_top\" >\n\t\t\t<div  class=\"module_column tb-column col-full first tb_24_column module_column_0 module_column_24-0-0 tb_apt4891\">\n\t    \t    \t        <div class=\"tb-column-inner\">\n\t\t        <!-- module image -->\n    <div  class=\"module module-image tb_s55t614  image-top    auto_fullwidth\">\n\t                <div class=\"image-wrap\">\n                            <img data-recalc-dims=\"1\" loading=\"lazy\" decoding=\"async\" width=\"1165\" height=\"643\" src=\"https:\/\/i0.wp.com\/twobagsonejourney.com\/wp-content\/uploads\/2023\/01\/IMG_20210817_112537-scaled.jpg?resize=1165%2C643&#038;ssl=1\" class=\"wp-post-image wp-image-762\" alt=\"IMG_20210817_112537\" srcset=\"https:\/\/i0.wp.com\/twobagsonejourney.com\/wp-content\/uploads\/2023\/01\/IMG_20210817_112537-scaled.jpg?w=2560&amp;ssl=1 2560w, https:\/\/i0.wp.com\/twobagsonejourney.com\/wp-content\/uploads\/2023\/01\/IMG_20210817_112537-scaled.jpg?resize=300%2C166&amp;ssl=1 300w, https:\/\/i0.wp.com\/twobagsonejourney.com\/wp-content\/uploads\/2023\/01\/IMG_20210817_112537-scaled.jpg?resize=1024%2C565&amp;ssl=1 1024w, https:\/\/i0.wp.com\/twobagsonejourney.com\/wp-content\/uploads\/2023\/01\/IMG_20210817_112537-scaled.jpg?resize=768%2C424&amp;ssl=1 768w, https:\/\/i0.wp.com\/twobagsonejourney.com\/wp-content\/uploads\/2023\/01\/IMG_20210817_112537-scaled.jpg?resize=1536%2C847&amp;ssl=1 1536w, https:\/\/i0.wp.com\/twobagsonejourney.com\/wp-content\/uploads\/2023\/01\/IMG_20210817_112537-scaled.jpg?resize=2048%2C1130&amp;ssl=1 2048w, https:\/\/i0.wp.com\/twobagsonejourney.com\/wp-content\/uploads\/2023\/01\/IMG_20210817_112537-scaled.jpg?resize=18%2C10&amp;ssl=1 18w, https:\/\/i0.wp.com\/twobagsonejourney.com\/wp-content\/uploads\/2023\/01\/IMG_20210817_112537-scaled.jpg?resize=978%2C539&amp;ssl=1 978w, https:\/\/i0.wp.com\/twobagsonejourney.com\/wp-content\/uploads\/2023\/01\/IMG_20210817_112537-scaled.jpg?resize=750%2C413&amp;ssl=1 750w, https:\/\/i0.wp.com\/twobagsonejourney.com\/wp-content\/uploads\/2023\/01\/IMG_20210817_112537-scaled.jpg?w=2330&amp;ssl=1 2330w\" sizes=\"auto, (max-width: 1165px) 100vw, 1165px\" \/>            \n                        <\/div>\n            <!-- \/image-wrap -->\n        \n        \n        <\/div>\n    <!-- \/module image -->\n\t<div  class=\"themify_builder_sub_row module_subrow clearfix sub_row_0-0-1 tb_0k0440\">\n\t    \t    <div class=\"subrow_inner col_align_top\" >\n\t\t\t<div style=\"width:8%;\" class=\"sub_column module_column col3-1 first sub_column_post_24 sub_column_0-0-1-0 tb_7vdp48\"> \n\t    \t    \t<\/div>\n\t\t<div style=\"width:79.2%;\" class=\"sub_column module_column col3-1 middle sub_column_post_24 sub_column_0-0-1-1 tb_qj0252\" > \n\t    \t    \t        <div class=\"tb-column-inner\">\n\t\t    <!-- module text -->\n<div  class=\"module module-text tb_a2bu160\">\n            <div  class=\"tb_text_wrap\">\n    <h4>\u00a0<\/h4>\n<p style=\"text-align: center;\">Bonjour \u00e0 tous,<\/p>\n<p style=\"text-align: center;\">Bienvenue sur notre blog!<\/p>\n<p style=\"text-align: center;\">Apr\u00e8s pas mal de retard, nous partons enfin pour notre voyage. En partant d'Istanbul, nous tenterons de rejoindre la Chine et ainsi parcourir la Route de la Soie. Sur ce blog, nous t\u00e2cherons de vous tenir inform\u00e9s sur notre p\u00e9riple.<\/p>\n<p style=\"text-align: center;\">A bient\u00f4t!\u00a0<\/p>\n<p style=\"text-align: center;\">Tamara &amp; Max<\/p>    <\/div>\n<\/div>\n<!-- \/module text -->\n\t        <\/div>\n\t    \t<\/div>\n\t\t<div style=\"width:6.4%;\" class=\"sub_column module_column col3-1 last sub_column_post_24 sub_column_0-0-1-2 tb_szzq54\"> \n\t    \t    \t<\/div>\n\t\t    <\/div>\n\t<\/div><!-- \/themify_builder_sub_row -->\n\t\t<div  class=\"themify_builder_sub_row module_subrow clearfix sub_row_0-0-2 tb_5oae257\">\n\t    \t    <div class=\"subrow_inner col_align_top\" >\n\t\t\t<div  class=\"sub_column module_column col-full first sub_column_post_24 sub_column_0-0-2-0 tb_m4l9260\"> \n\t    \t    \t        <div class=\"tb-column-inner\">\n\t\t    <!-- module text -->\n<div  class=\"module module-text tb_aqwk48\">\n            <div  class=\"tb_text_wrap\">\n    <h5>\u00a0<\/h5>\n<h5 style=\"text-align: center;\">Vous pouvez aussi nous suivre sur<\/h5>    <\/div>\n<\/div>\n<!-- \/module text -->\n\t        <\/div>\n\t    \t<\/div>\n\t\t    <\/div>\n\t<\/div><!-- \/themify_builder_sub_row -->\n\t\t<div  class=\"themify_builder_sub_row module_subrow clearfix sub_row_0-0-3 tb_6v50249\">\n\t    \t    <div class=\"subrow_inner col_align_top\"   data-basecol=\"2\" data-col_mobile=\"column4-2\">\n\t\t\t<div  class=\"sub_column module_column col2-1 first sub_column_post_24 sub_column_0-0-3-0 tb_ei9u252\"> \n\t    \t    \t        <div class=\"tb-column-inner\">\n\t\t        <!-- module image -->\n    <div  class=\"module module-image tb_0vmm945  image-right\">\n\t                <div class=\"image-wrap\">\n                            <a href=\"https:\/\/www.facebook.com\/profile.php?id=100088680206701\"\n                                       rel=\"noopener\" target=\"_blank\">\n                                           <img data-recalc-dims=\"1\" decoding=\"async\" src=\"https:\/\/i0.wp.com\/twobagsonejourney.com\/wp-content\/uploads\/2022\/12\/fb.png?w=80&#038;ssl=1\"  class=\"wp-post-image wp-image-684\" alt=\"fb\" srcset=\"https:\/\/i0.wp.com\/twobagsonejourney.com\/wp-content\/uploads\/2022\/12\/fb.png?resize=80%2C35&amp;ssl=1 80w, https:\/\/i0.wp.com\/twobagsonejourney.com\/wp-content\/uploads\/2022\/12\/fb.png?resize=300%2C134&amp;ssl=1 300w, https:\/\/i0.wp.com\/twobagsonejourney.com\/wp-content\/uploads\/2022\/12\/fb.png?resize=18%2C8&amp;ssl=1 18w, https:\/\/i0.wp.com\/twobagsonejourney.com\/wp-content\/uploads\/2022\/12\/fb.png?w=336&amp;ssl=1 336w\" sizes=\"(max-width: 80px) 100vw, 80px\" \/>                <\/a>\n            \n                        <\/div>\n            <!-- \/image-wrap -->\n        \n        \n        <\/div>\n    <!-- \/module image -->\n\t        <\/div>\n\t    \t<\/div>\n\t\t<div  class=\"sub_column module_column col2-1 last sub_column_post_24 sub_column_0-0-3-1 tb_18lu253\"> \n\t    \t    \t        <div class=\"tb-column-inner\">\n\t\t    <!-- module widget -->\n<div  class=\"module module-widget tb_to9h496\">\n\t<div class=\"widget_text widget widget_custom_html\"><div class=\"textwidget custom-html-widget\"><a href=\"https:\/\/twitter.com\/tamaraandmax?ref_src=twsrc%5Etfw\" class=\"twitter-follow-button\" data-size=\"large\" data-show-screen-name=\"false\" data-show-count=\"false\">Follow @tamaraandmax<\/a><script async src=\"https:\/\/platform.twitter.com\/widgets.js\" charset=\"utf-8\"><\/script><\/div><\/div><\/div><!-- \/module widget -->\t        <\/div>\n\t    \t<\/div>\n\t\t    <\/div>\n\t<\/div><!-- \/themify_builder_sub_row -->\n\t\t<div  class=\"themify_builder_sub_row module_subrow clearfix sub_row_0-0-4 tb_p1vc73\">\n\t    \t    <div class=\"subrow_inner col_align_top\" >\n\t\t\t<div  class=\"sub_column module_column col-full first sub_column_post_24 sub_column_0-0-4-0 tb_aqeu74\" > \n\t    \t    \t<\/div>\n\t\t    <\/div>\n\t<\/div><!-- \/themify_builder_sub_row -->\n\t\t        <\/div>\n\t    \t<\/div>\n\t\t    <\/div>\n\t    <!-- \/row_inner -->\n\t<\/div>\n\t<!-- \/module_row -->\n\t<\/div>","protected":false},"excerpt":{"rendered":"<p>\u00a0 Hi folks, Welcome on our blog! After much delay, we are finally embarking on our trip. Starting from Istanbul, we aim to reach China and thus discovering the historic Silk Road. On this blog, we will try to keep you up to date with our journey. We hope you enjoy your visit!\u00a0 Tamara &amp; [&hellip;]<\/p>\n","protected":false},"author":2,"featured_media":0,"parent":0,"menu_order":0,"comment_status":"closed","ping_status":"closed","template":"","meta":{"nf_dc_page":"","footnotes":""},"class_list":["post-24","page","type-page","status-publish","hentry","has-post-title","has-post-date","has-post-category","has-post-tag","has-post-comment","has-post-author",""],"yoast_head":"<!-- This site is optimized with the Yoast SEO plugin v27.4 - https:\/\/yoast.com\/product\/yoast-seo-wordpress\/ -->\n<title>Home - Two bags one journey<\/title>\n<meta name=\"robots\" content=\"index, follow, max-snippet:-1, max-image-preview:large, max-video-preview:-1\" \/>\n<link rel=\"canonical\" href=\"https:\/\/twobagsonejourney.com\/fr\/\" \/>\n<meta property=\"og:locale\" content=\"fr_FR\" \/>\n<meta property=\"og:type\" content=\"article\" \/>\n<meta property=\"og:title\" content=\"Two bags one journey\" \/>\n<meta property=\"og:description\" content=\"\u00a0 Hi folks, Welcome on our blog! After much delay, we are finally embarking on our trip. Starting from Istanbul, we aim to reach China and thus discovering the historic Silk Road. On this blog, we will try to keep you up to date with our journey. We hope you enjoy your visit!\u00a0 Tamara &amp; [&hellip;]\" \/>\n<meta property=\"og:url\" content=\"https:\/\/twobagsonejourney.com\/fr\/\" \/>\n<meta property=\"og:site_name\" content=\"Two bags one journey\" \/>\n<meta property=\"article:publisher\" content=\"https:\/\/www.facebook.com\/profile.php?id=100088680206701\" \/>\n<meta property=\"article:modified_time\" content=\"2023-02-05T14:18:32+00:00\" \/>\n<meta property=\"og:image\" content=\"https:\/\/twobagsonejourney.com\/wp-content\/uploads\/2023\/01\/IMG_20210817_112537-scaled.jpg\" \/>\n\t<meta property=\"og:image:width\" content=\"2560\" \/>\n\t<meta property=\"og:image:height\" content=\"1412\" \/>\n\t<meta property=\"og:image:type\" content=\"image\/jpeg\" \/>\n<meta name=\"twitter:card\" content=\"summary_large_image\" \/>\n<meta name=\"twitter:title\" content=\"Two bags one journey\" \/>\n<meta name=\"twitter:image\" content=\"https:\/\/i0.wp.com\/twobagsonejourney.com\/wp-content\/uploads\/2023\/01\/IMG_20210817_112537-scaled.jpg?fit=2560%2C1412&ssl=1\" \/>\n<meta name=\"twitter:site\" content=\"@TamaraandMax\" \/>\n<meta name=\"twitter:label1\" content=\"Dur\u00e9e de lecture estim\u00e9e\" \/>\n\t<meta name=\"twitter:data1\" content=\"1 minute\" \/>\n<script type=\"application\/ld+json\" class=\"yoast-schema-graph\">{\"@context\":\"https:\\\/\\\/schema.org\",\"@graph\":[{\"@type\":\"WebPage\",\"@id\":\"https:\\\/\\\/twobagsonejourney.com\\\/\",\"url\":\"https:\\\/\\\/twobagsonejourney.com\\\/\",\"name\":\"Home - Two bags one journey\",\"isPartOf\":{\"@id\":\"https:\\\/\\\/twobagsonejourney.com\\\/#website\"},\"primaryImageOfPage\":{\"@id\":\"https:\\\/\\\/twobagsonejourney.com\\\/#primaryimage\"},\"image\":{\"@id\":\"https:\\\/\\\/twobagsonejourney.com\\\/#primaryimage\"},\"thumbnailUrl\":\"https:\\\/\\\/twobagsonejourney.com\\\/wp-content\\\/uploads\\\/2023\\\/01\\\/IMG_20210817_112537-scaled.jpg\",\"datePublished\":\"2019-09-08T10:43:14+00:00\",\"dateModified\":\"2023-02-05T14:18:32+00:00\",\"breadcrumb\":{\"@id\":\"https:\\\/\\\/twobagsonejourney.com\\\/#breadcrumb\"},\"inLanguage\":\"fr-FR\",\"potentialAction\":[{\"@type\":\"ReadAction\",\"target\":[\"https:\\\/\\\/twobagsonejourney.com\\\/\"]}]},{\"@type\":\"ImageObject\",\"inLanguage\":\"fr-FR\",\"@id\":\"https:\\\/\\\/twobagsonejourney.com\\\/#primaryimage\",\"url\":\"https:\\\/\\\/twobagsonejourney.com\\\/wp-content\\\/uploads\\\/2023\\\/01\\\/IMG_20210817_112537-scaled.jpg\",\"contentUrl\":\"https:\\\/\\\/twobagsonejourney.com\\\/wp-content\\\/uploads\\\/2023\\\/01\\\/IMG_20210817_112537-scaled.jpg\"},{\"@type\":\"BreadcrumbList\",\"@id\":\"https:\\\/\\\/twobagsonejourney.com\\\/#breadcrumb\",\"itemListElement\":[{\"@type\":\"ListItem\",\"position\":1,\"name\":\"Home\",\"item\":\"https:\\\/\\\/twobagsonejourney.com\\\/\"},{\"@type\":\"ListItem\",\"position\":2,\"name\":\"Home\"}]},{\"@type\":\"WebSite\",\"@id\":\"https:\\\/\\\/twobagsonejourney.com\\\/#website\",\"url\":\"https:\\\/\\\/twobagsonejourney.com\\\/\",\"name\":\"Two bags one journey\",\"description\":\"\",\"potentialAction\":[{\"@type\":\"SearchAction\",\"target\":{\"@type\":\"EntryPoint\",\"urlTemplate\":\"https:\\\/\\\/twobagsonejourney.com\\\/?s={search_term_string}\"},\"query-input\":{\"@type\":\"PropertyValueSpecification\",\"valueRequired\":true,\"valueName\":\"search_term_string\"}}],\"inLanguage\":\"fr-FR\"}]}<\/script>\n<!-- \/ Yoast SEO plugin. -->","yoast_head_json":{"title":"Home - Two bags one journey","robots":{"index":"index","follow":"follow","max-snippet":"max-snippet:-1","max-image-preview":"max-image-preview:large","max-video-preview":"max-video-preview:-1"},"canonical":"https:\/\/twobagsonejourney.com\/fr\/","og_locale":"fr_FR","og_type":"article","og_title":"Two bags one journey","og_description":"\u00a0 Hi folks, Welcome on our blog! After much delay, we are finally embarking on our trip. Starting from Istanbul, we aim to reach China and thus discovering the historic Silk Road. On this blog, we will try to keep you up to date with our journey. We hope you enjoy your visit!\u00a0 Tamara &amp; [&hellip;]","og_url":"https:\/\/twobagsonejourney.com\/fr\/","og_site_name":"Two bags one journey","article_publisher":"https:\/\/www.facebook.com\/profile.php?id=100088680206701","article_modified_time":"2023-02-05T14:18:32+00:00","og_image":[{"width":2560,"height":1412,"url":"https:\/\/twobagsonejourney.com\/wp-content\/uploads\/2023\/01\/IMG_20210817_112537-scaled.jpg","type":"image\/jpeg"}],"twitter_card":"summary_large_image","twitter_title":"Two bags one journey","twitter_image":"https:\/\/i0.wp.com\/twobagsonejourney.com\/wp-content\/uploads\/2023\/01\/IMG_20210817_112537-scaled.jpg?fit=2560%2C1412&ssl=1","twitter_site":"@TamaraandMax","twitter_misc":{"Dur\u00e9e de lecture estim\u00e9e":"1 minute"},"schema":{"@context":"https:\/\/schema.org","@graph":[{"@type":"WebPage","@id":"https:\/\/twobagsonejourney.com\/","url":"https:\/\/twobagsonejourney.com\/","name":"Home - Two bags one journey","isPartOf":{"@id":"https:\/\/twobagsonejourney.com\/#website"},"primaryImageOfPage":{"@id":"https:\/\/twobagsonejourney.com\/#primaryimage"},"image":{"@id":"https:\/\/twobagsonejourney.com\/#primaryimage"},"thumbnailUrl":"https:\/\/twobagsonejourney.com\/wp-content\/uploads\/2023\/01\/IMG_20210817_112537-scaled.jpg","datePublished":"2019-09-08T10:43:14+00:00","dateModified":"2023-02-05T14:18:32+00:00","breadcrumb":{"@id":"https:\/\/twobagsonejourney.com\/#breadcrumb"},"inLanguage":"fr-FR","potentialAction":[{"@type":"ReadAction","target":["https:\/\/twobagsonejourney.com\/"]}]},{"@type":"ImageObject","inLanguage":"fr-FR","@id":"https:\/\/twobagsonejourney.com\/#primaryimage","url":"https:\/\/twobagsonejourney.com\/wp-content\/uploads\/2023\/01\/IMG_20210817_112537-scaled.jpg","contentUrl":"https:\/\/twobagsonejourney.com\/wp-content\/uploads\/2023\/01\/IMG_20210817_112537-scaled.jpg"},{"@type":"BreadcrumbList","@id":"https:\/\/twobagsonejourney.com\/#breadcrumb","itemListElement":[{"@type":"ListItem","position":1,"name":"Home","item":"https:\/\/twobagsonejourney.com\/"},{"@type":"ListItem","position":2,"name":"Home"}]},{"@type":"WebSite","@id":"https:\/\/twobagsonejourney.com\/#website","url":"https:\/\/twobagsonejourney.com\/","name":"Two bags one journey","description":"","potentialAction":[{"@type":"SearchAction","target":{"@type":"EntryPoint","urlTemplate":"https:\/\/twobagsonejourney.com\/?s={search_term_string}"},"query-input":{"@type":"PropertyValueSpecification","valueRequired":true,"valueName":"search_term_string"}}],"inLanguage":"fr-FR"}]}},"jetpack_shortlink":"https:\/\/wp.me\/PbgEq6-o","jetpack_sharing_enabled":true,"_links":{"self":[{"href":"https:\/\/twobagsonejourney.com\/fr\/wp-json\/wp\/v2\/pages\/24","targetHints":{"allow":["GET"]}}],"collection":[{"href":"https:\/\/twobagsonejourney.com\/fr\/wp-json\/wp\/v2\/pages"}],"about":[{"href":"https:\/\/twobagsonejourney.com\/fr\/wp-json\/wp\/v2\/types\/page"}],"author":[{"embeddable":true,"href":"https:\/\/twobagsonejourney.com\/fr\/wp-json\/wp\/v2\/users\/2"}],"replies":[{"embeddable":true,"href":"https:\/\/twobagsonejourney.com\/fr\/wp-json\/wp\/v2\/comments?post=24"}],"version-history":[{"count":16,"href":"https:\/\/twobagsonejourney.com\/fr\/wp-json\/wp\/v2\/pages\/24\/revisions"}],"predecessor-version":[{"id":814,"href":"https:\/\/twobagsonejourney.com\/fr\/wp-json\/wp\/v2\/pages\/24\/revisions\/814"}],"wp:attachment":[{"href":"https:\/\/twobagsonejourney.com\/fr\/wp-json\/wp\/v2\/media?parent=24"}],"curies":[{"name":"wp","href":"https:\/\/api.w.org\/{rel}","templated":true}]}}